{"id":446,"date":"2019-07-26T08:26:02","date_gmt":"2019-07-26T11:26:02","guid":{"rendered":"http:\/\/simaeng.com.br\/?page_id=446"},"modified":"2022-10-20T22:41:26","modified_gmt":"2022-10-21T01:41:26","slug":"sobre","status":"publish","type":"page","link":"http:\/\/simaeng.com.br\/index.php\/sobre\/","title":{"rendered":"Sobre a Sima"},"content":{"rendered":"\t\t<div data-elementor-type=\"wp-post\" data-elementor-id=\"446\" class=\"elementor elementor-446\">\n\t\t\t\t\t\t<div class=\"elementor-inner\">\n\t\t\t\t<div class=\"elementor-section-wrap\">\n\t\t\t\t\t\t\t\t\t<section class=\"elementor-section elementor-top-section elementor-element elementor-element-93bc4ca elementor-section-content-middle elementor-section-boxed elementor-section-height-default elementor-section-height-default sc_fly_static\" data-id=\"93bc4ca\" data-element_type=\"section\">\n\t\t\t\t\t\t<div class=\"elementor-container elementor-column-gap-extended\">\n\t\t\t\t\t\t\t<div class=\"elementor-row\">\n\t\t\t\t\t<div class=\"elementor-column elementor-col-50 elementor-top-column elementor-element elementor-element-12d2c02 sc_inner_width_none sc_content_align_inherit sc_layouts_column_icons_position_left sc_fly_static elementor-invisible\" data-id=\"12d2c02\" data-element_type=\"column\" data-settings=\"{&quot;animation&quot;:&quot;fadeInLeft&quot;,&quot;animation_delay&quot;:200,&quot;animation_tablet&quot;:&quot;fadeIn&quot;}\">\n\t\t\t<div class=\"elementor-column-wrap elementor-element-populated\">\n\t\t\t\t\t\t\t<div class=\"elementor-widget-wrap\">\n\t\t\t\t\t\t<div class=\"elementor-element elementor-element-af84d85 sc_fly_static elementor-widget elementor-widget-trx_sc_title\" data-id=\"af84d85\" data-element_type=\"widget\" data-widget_type=\"trx_sc_title.default\">\n\t\t\t\t<div class=\"elementor-widget-container\">\n\t\t\t<div\t\tclass=\"sc_title sc_title_default\"><h4 class=\"sc_item_title sc_title_title sc_item_title_style_default sc_item_title_tag\"\n\t\t\t><span class=\"sc_item_title_text\">Nossa Hist\u00f3ria<\/span><\/h4><div class=\"sc_item_descr sc_title_descr\"><p>Tudo come\u00e7ou em 1991 com as desmobiliza\u00e7\u00f5es das equipes de engenharia nas ind\u00fastrias e a terceiriza\u00e7\u00e3o desses servi\u00e7os.<\/p>\n<p>Surge a SIMA, em princ\u00edpio com foco em planejamento de manuten\u00e7\u00e3o, passando a atender pequenas obras, depois com engenharia de projetos e gerenciamento, num constante aprendizado em servi\u00e7os voltados as ind\u00fastrias.<\/p>\n<p>Nossa jornada permite que tenhamos, ao enfrentar as demandas, solu\u00e7\u00f5es que considerem, al\u00e9m das expectativas moment\u00e2neas, os reflexos das op\u00e7\u00f5es acolhidas.<\/p>\n<p>Com presen\u00e7a em projetos nacionais e internacionais, a SIMA est\u00e1 preparada para atender quem procura resultados e esteja atento \u00e0s suas consequ\u00eancias, fornecendo a Engenharia Necess\u00e1ria, respeitando a rastreabilidade t\u00e9cnica, culturas, ambientes e a viabilidade econ\u00f4mica.<\/p>\n<\/div><\/div>\t\t<\/div>\n\t\t\t\t<\/div>\n\t\t\t\t\t\t<\/div>\n\t\t\t\t\t<\/div>\n\t\t<\/div>\n\t\t\t\t<div class=\"elementor-column elementor-col-50 elementor-top-column elementor-element elementor-element-ff25933 sc_inner_width_none sc_content_align_inherit sc_layouts_column_icons_position_left sc_fly_static elementor-invisible\" data-id=\"ff25933\" data-element_type=\"column\" data-settings=\"{&quot;background_background&quot;:&quot;classic&quot;,&quot;animation&quot;:&quot;fadeInUp&quot;,&quot;animation_delay&quot;:200,&quot;animation_tablet&quot;:&quot;fadeIn&quot;}\">\n\t\t\t<div class=\"elementor-column-wrap elementor-element-populated\">\n\t\t\t\t\t\t\t<div class=\"elementor-widget-wrap\">\n\t\t\t\t\t\t<div class=\"elementor-element elementor-element-7785fdb elementor-aspect-ratio-169 sc_fly_static elementor-widget elementor-widget-video\" data-id=\"7785fdb\" data-element_type=\"widget\" data-settings=\"{&quot;youtube_url&quot;:&quot;https:\\\/\\\/youtu.be\\\/O6qWUxYYtLk&quot;,&quot;video_type&quot;:&quot;youtube&quot;,&quot;controls&quot;:&quot;yes&quot;,&quot;aspect_ratio&quot;:&quot;169&quot;}\" data-widget_type=\"video.default\">\n\t\t\t\t<div class=\"elementor-widget-container\">\n\t\t\t\t\t<div class=\"elementor-wrapper elementor-fit-aspect-ratio elementor-open-inline\">\n\t\t\t<div class=\"elementor-video\"><\/div>\t\t<\/div>\n\t\t\t\t<\/div>\n\t\t\t\t<\/div>\n\t\t\t\t\t\t<\/div>\n\t\t\t\t\t<\/div>\n\t\t<\/div>\n\t\t\t\t\t\t\t\t<\/div>\n\t\t\t\t\t<\/div>\n\t\t<\/section>\n\t\t\t\t<section class=\"elementor-section elementor-top-section elementor-element elementor-element-94136e5 elementor-section-boxed elementor-section-height-default elementor-section-height-default sc_fly_static\" data-id=\"94136e5\" data-element_type=\"section\">\n\t\t\t\t\t\t<div class=\"elementor-container elementor-column-gap-extended\">\n\t\t\t\t\t\t\t<div class=\"elementor-row\">\n\t\t\t\t\t<div class=\"elementor-column elementor-col-100 elementor-top-column elementor-element elementor-element-26f11ac sc_inner_width_none sc_content_align_inherit sc_layouts_column_icons_position_left sc_fly_static\" data-id=\"26f11ac\" data-element_type=\"column\">\n\t\t\t<div class=\"elementor-column-wrap elementor-element-populated\">\n\t\t\t\t\t\t\t<div class=\"elementor-widget-wrap\">\n\t\t\t\t\t\t<div class=\"elementor-element elementor-element-becbc81 sc_height_huge sc_fly_static elementor-widget elementor-widget-spacer\" data-id=\"becbc81\" data-element_type=\"widget\" data-widget_type=\"spacer.default\">\n\t\t\t\t<div class=\"elementor-widget-container\">\n\t\t\t\t\t<div class=\"elementor-spacer\">\n\t\t\t<div class=\"elementor-spacer-inner\"><\/div>\n\t\t<\/div>\n\t\t\t\t<\/div>\n\t\t\t\t<\/div>\n\t\t\t\t\t\t<\/div>\n\t\t\t\t\t<\/div>\n\t\t<\/div>\n\t\t\t\t\t\t\t\t<\/div>\n\t\t\t\t\t<\/div>\n\t\t<\/section>\n\t\t\t\t<section class=\"elementor-section elementor-top-section elementor-element elementor-element-5d0a9d4 elementor-section-boxed elementor-section-height-default elementor-section-height-default sc_fly_static\" data-id=\"5d0a9d4\" data-element_type=\"section\">\n\t\t\t\t\t\t<div class=\"elementor-container elementor-column-gap-extended\">\n\t\t\t\t\t\t\t<div class=\"elementor-row\">\n\t\t\t\t\t<div class=\"elementor-column elementor-col-100 elementor-top-column elementor-element elementor-element-721704d sc_inner_width_none sc_content_align_inherit sc_layouts_column_icons_position_left sc_fly_static\" data-id=\"721704d\" data-element_type=\"column\">\n\t\t\t<div class=\"elementor-column-wrap elementor-element-populated\">\n\t\t\t\t\t\t\t<div class=\"elementor-widget-wrap\">\n\t\t\t\t\t\t<div class=\"elementor-element elementor-element-cec879c animation_type_sequental sc_fly_static elementor-invisible elementor-widget elementor-widget-trx_sc_icons\" data-id=\"cec879c\" data-element_type=\"widget\" data-settings=\"{&quot;_animation&quot;:&quot;fadeIn&quot;,&quot;_animation_delay&quot;:200}\" data-widget_type=\"trx_sc_icons.default\">\n\t\t\t\t<div class=\"elementor-widget-container\">\n\t\t\t<div \n\tclass=\"sc_icons sc_icons_default sc_icons_size_medium sc_align_left\"><div class=\"sc_icons_columns_wrap sc_item_columns trx_addons_columns_wrap columns_padding_bottom\"><div class=\"trx_addons_column-1_2 trx_addons_column-1_2-tablet\"><div class=\"sc_icons_item\"><div class=\"sc_icons_icon sc_icon_type_ icon-users-group\"><span class=\"sc_icon_type_ icon-users-group\"><\/span><\/div><div class=\"sc_icons_item_details\"><h4 class=\"sc_icons_item_title\"><span>Engenharia necess\u00e1ria<\/span><\/h4><div class=\"sc_icons_item_description\"><span>Dotar com informa\u00e7\u00f5es e documenta\u00e7\u00f5es suficientes cada fase do projeto para possibilitar a tomada segura de decis\u00f5es estrat\u00e9gicas.<\/span><\/div><\/div><\/div><\/div><div class=\"trx_addons_column-1_2 trx_addons_column-1_2-tablet\"><div class=\"sc_icons_item\"><div class=\"sc_icons_icon sc_icon_type_ icon-chat-empty\"><span class=\"sc_icon_type_ icon-chat-empty\"><\/span><\/div><div class=\"sc_icons_item_details\"><h4 class=\"sc_icons_item_title\"><span>La\u00e7os de Confian\u00e7a<\/span><\/h4><div class=\"sc_icons_item_description\"><span>Tanto na elabora\u00e7\u00e3o de projetos como no gerenciamento de suas implanta\u00e7\u00f5es, entendemos que o essencial \u00e9 criar la\u00e7os de confian\u00e7a que permitam maximizar os resultados para todos.<\/span><span><\/span><\/div><\/div><\/div><\/div><div class=\"trx_addons_column-1_2 trx_addons_column-1_2-tablet\"><div class=\"sc_icons_item\"><div class=\"sc_icons_icon sc_icon_type_ icon-checkbox\"><span class=\"sc_icon_type_ icon-checkbox\"><\/span><\/div><div class=\"sc_icons_item_details\"><h4 class=\"sc_icons_item_title\"><span>Solu\u00e7\u00f5es personalizadas<\/span><\/h4><div class=\"sc_icons_item_description\"><span>Cada projeto \u00e9 \u00fanico, e a nossa equipe est\u00e1 preparada para atender \u00e0s especificidades do seu.<\/span><\/div><\/div><\/div><\/div><div class=\"trx_addons_column-1_2 trx_addons_column-1_2-tablet\"><div class=\"sc_icons_item\"><div class=\"sc_icons_icon sc_icon_type_ icon-cogs\"><span class=\"sc_icon_type_ icon-cogs\"><\/span><\/div><div class=\"sc_icons_item_details\"><h4 class=\"sc_icons_item_title\"><span>Ess\u00eancia do ch\u00e3o de f\u00e1brica<\/span><\/h4><div class=\"sc_icons_item_description\"><span>Valorizamos a uni\u00e3o da a\u00e7\u00e3o humana com a tecnologia de ponta. As informa\u00e7\u00f5es colhidas no ch\u00e3o de f\u00e1brica s\u00e3o fundamentais para bons resultados.<\/span><span><\/span><\/div><\/div><\/div><\/div><\/div><\/div>\t\t<\/div>\n\t\t\t\t<\/div>\n\t\t\t\t\t\t<\/div>\n\t\t\t\t\t<\/div>\n\t\t<\/div>\n\t\t\t\t\t\t\t\t<\/div>\n\t\t\t\t\t<\/div>\n\t\t<\/section>\n\t\t\t\t<section class=\"elementor-section elementor-top-section elementor-element elementor-element-6909a114 elementor-section-boxed elementor-section-height-default elementor-section-height-default sc_fly_static\" data-id=\"6909a114\" data-element_type=\"section\">\n\t\t\t\t\t\t<div class=\"elementor-container elementor-column-gap-extended\">\n\t\t\t\t\t\t\t<div class=\"elementor-row\">\n\t\t\t\t\t<div class=\"elementor-column elementor-col-100 elementor-top-column elementor-element elementor-element-4a3d6151 sc_inner_width_none sc_content_align_inherit sc_layouts_column_icons_position_left sc_fly_static\" data-id=\"4a3d6151\" data-element_type=\"column\">\n\t\t\t<div class=\"elementor-column-wrap elementor-element-populated\">\n\t\t\t\t\t\t\t<div class=\"elementor-widget-wrap\">\n\t\t\t\t\t\t<div class=\"elementor-element elementor-element-f60f241 sc_height_huge sc_fly_static elementor-widget elementor-widget-spacer\" data-id=\"f60f241\" data-element_type=\"widget\" data-widget_type=\"spacer.default\">\n\t\t\t\t<div class=\"elementor-widget-container\">\n\t\t\t\t\t<div class=\"elementor-spacer\">\n\t\t\t<div class=\"elementor-spacer-inner\"><\/div>\n\t\t<\/div>\n\t\t\t\t<\/div>\n\t\t\t\t<\/div>\n\t\t\t\t\t\t<\/div>\n\t\t\t\t\t<\/div>\n\t\t<\/div>\n\t\t\t\t\t\t\t\t<\/div>\n\t\t\t\t\t<\/div>\n\t\t<\/section>\n\t\t\t\t\t\t\t\t\t<\/div>\n\t\t\t<\/div>\n\t\t\t\t\t<\/div>\n\t\t","protected":false},"excerpt":{"rendered":"<p>Nossa Hist\u00f3ria Tudo come\u00e7ou em 1991 com as desmobiliza\u00e7\u00f5es das equipes de engenharia nas ind\u00fastrias e a terceiriza\u00e7\u00e3o desses servi\u00e7os. Surge a SIMA, em princ\u00edpio&hellip;<\/p>\n","protected":false},"author":1,"featured_media":0,"parent":0,"menu_order":0,"comment_status":"closed","ping_status":"closed","template":"","meta":{"footnotes":""},"class_list":["post-446","page","type-page","status-publish","hentry"],"_links":{"self":[{"href":"http:\/\/simaeng.com.br\/index.php\/wp-json\/wp\/v2\/pages\/446","targetHints":{"allow":["GET"]}}],"collection":[{"href":"http:\/\/simaeng.com.br\/index.php\/wp-json\/wp\/v2\/pages"}],"about":[{"href":"http:\/\/simaeng.com.br\/index.php\/wp-json\/wp\/v2\/types\/page"}],"author":[{"embeddable":true,"href":"http:\/\/simaeng.com.br\/index.php\/wp-json\/wp\/v2\/users\/1"}],"replies":[{"embeddable":true,"href":"http:\/\/simaeng.com.br\/index.php\/wp-json\/wp\/v2\/comments?post=446"}],"version-history":[{"count":20,"href":"http:\/\/simaeng.com.br\/index.php\/wp-json\/wp\/v2\/pages\/446\/revisions"}],"predecessor-version":[{"id":6363,"href":"http:\/\/simaeng.com.br\/index.php\/wp-json\/wp\/v2\/pages\/446\/revisions\/6363"}],"wp:attachment":[{"href":"http:\/\/simaeng.com.br\/index.php\/wp-json\/wp\/v2\/media?parent=446"}],"curies":[{"name":"wp","href":"https:\/\/api.w.org\/{rel}","templated":true}]}}